{"id":3736,"date":"2018-09-29T12:59:43","date_gmt":"2018-09-29T12:59:43","guid":{"rendered":"https:\/\/anselmopropiedades.com\/ap\/?page_id=3736"},"modified":"2021-10-27T01:36:00","modified_gmt":"2021-10-27T01:36:00","slug":"emprendimientos","status":"publish","type":"page","link":"https:\/\/anselmopropiedades.com\/web\/ventas_post\/emprendimientos\/","title":{"rendered":"Emprendimientos"},"content":{"rendered":"\t\t<div data-elementor-type=\"wp-page\" data-elementor-id=\"3736\" class=\"elementor elementor-3736\">\n\t\t\t\t\t\t<section class=\"elementor-section elementor-top-section elementor-element elementor-element-2ca4a00 elementor-section-boxed elementor-section-height-default elementor-section-height-default\" data-id=\"2ca4a00\" data-element_type=\"section\" data-e-type=\"section\">\n\t\t\t\t\t\t<div class=\"elementor-container elementor-column-gap-default\">\n\t\t\t\t\t<div class=\"elementor-column elementor-col-100 elementor-top-column elementor-element elementor-element-3a3e96d\" data-id=\"3a3e96d\" data-element_type=\"column\" data-e-type=\"column\">\n\t\t\t<div class=\"elementor-widget-wrap elementor-element-populated\">\n\t\t\t\t\t\t<div class=\"elementor-element elementor-element-c514a1a elementor-widget elementor-widget-heading\" data-id=\"c514a1a\" data-element_type=\"widget\" data-e-type=\"widget\" data-widget_type=\"heading.default\">\n\t\t\t\t<div class=\"elementor-widget-container\">\n\t\t\t\t\t<h2 class=\"elementor-heading-title elementor-size-default\">Emprendimientos<\/h2>\t\t\t\t<\/div>\n\t\t\t\t<\/div>\n\t\t\t\t<div class=\"elementor-element elementor-element-c6a9dc7 elementor-widget-divider--view-line elementor-widget elementor-widget-divider\" data-id=\"c6a9dc7\" data-element_type=\"widget\" data-e-type=\"widget\" data-widget_type=\"divider.default\">\n\t\t\t\t<div class=\"elementor-widget-container\">\n\t\t\t\t\t\t\t<div class=\"elementor-divider\">\n\t\t\t<span class=\"elementor-divider-separator\">\n\t\t\t\t\t\t<\/span>\n\t\t<\/div>\n\t\t\t\t\t\t<\/div>\n\t\t\t\t<\/div>\n\t\t\t\t<div class=\"elementor-element elementor-element-f6fc41e elementor-grid-eael-col-3 animated-slow elementor-grid-tablet-eael-col-2 elementor-grid-mobile-eael-col-1 elementor-invisible elementor-widget elementor-widget-eael-post-grid\" data-id=\"f6fc41e\" data-element_type=\"widget\" data-e-type=\"widget\" data-settings=\"{&quot;eael_post_grid_columns&quot;:&quot;eael-col-3&quot;,&quot;_animation&quot;:&quot;fadeIn&quot;,&quot;eael_post_grid_columns_tablet&quot;:&quot;eael-col-2&quot;,&quot;eael_post_grid_columns_mobile&quot;:&quot;eael-col-1&quot;}\" data-widget_type=\"eael-post-grid.default\">\n\t\t\t\t<div class=\"elementor-widget-container\">\n\t\t\t\t\t<div id=\"eael-post-grid-f6fc41e\" class=\"eael-post-grid-container\">\n            <div class=\"eael-post-grid eael-post-appender eael-post-appender-f6fc41e eael-post-grid-style-three\" data-layout-mode=\"masonry\"><article class=\"eael-grid-post  eael-post-grid-column eael-pg-post-4403 category-emprendimiento-hoteles-inversion-oportunidades-venta\" data-id=\"4403\">\n        <div class=\"eael-grid-post-holder\">\n            <div class=\"eael-grid-post-holder-inner\"><div class=\"eael-entry-media\"><div class=\"eael-entry-overlay fade-in\"><i class=\"\" aria-hidden=\"true\"><\/i><a href=\"https:\/\/anselmopropiedades.com\/web\/vendo-hotel-excelente-ubicacion\/\"><\/a><\/div><div class=\"eael-entry-thumbnail \">\n                 <img fetchpriority=\"high\" decoding=\"async\" width=\"300\" height=\"225\" src=\"https:\/\/anselmopropiedades.com\/web\/wp-content\/uploads\/2020\/08\/WhatsApp-Image-2020-08-26-at-19.05.52-1-300x225.jpeg\" class=\"attachment-medium size-medium wp-image-4404\" alt=\"\" srcset=\"https:\/\/anselmopropiedades.com\/web\/wp-content\/uploads\/2020\/08\/WhatsApp-Image-2020-08-26-at-19.05.52-1-300x225.jpeg 300w, https:\/\/anselmopropiedades.com\/web\/wp-content\/uploads\/2020\/08\/WhatsApp-Image-2020-08-26-at-19.05.52-1-1024x768.jpeg 1024w, https:\/\/anselmopropiedades.com\/web\/wp-content\/uploads\/2020\/08\/WhatsApp-Image-2020-08-26-at-19.05.52-1-768x576.jpeg 768w, https:\/\/anselmopropiedades.com\/web\/wp-content\/uploads\/2020\/08\/WhatsApp-Image-2020-08-26-at-19.05.52-1-400x300.jpeg 400w, https:\/\/anselmopropiedades.com\/web\/wp-content\/uploads\/2020\/08\/WhatsApp-Image-2020-08-26-at-19.05.52-1.jpeg 1280w\" sizes=\"(max-width: 300px) 100vw, 300px\" \/>\n             <\/div>\n        <\/div><div class=\"eael-entry-wrapper\"><header class=\"eael-entry-header\"><h2 class=\"eael-entry-title\"><a class=\"eael-grid-post-link\" href=\"https:\/\/anselmopropiedades.com\/web\/vendo-hotel-excelente-ubicacion\/\" title=\"Vendo Hotel Excelente Ubicacion\">Vendo Hotel Excelente Ubicacion<\/a><\/h2><\/header><div class=\"eael-entry-content\">\n                        <div class=\"eael-grid-post-excerpt\"><a href=\"https:\/\/anselmopropiedades.com\/web\/vendo-hotel-excelente-ubicacion\/\" class=\"eael-post-elements-readmore-btn\">Leer m\u00e1s<\/a><\/div>\n                    <\/div><\/div><\/div>\n        <\/div>\n    <\/article><article class=\"eael-grid-post  eael-post-grid-column eael-pg-post-3141 category-emprendimiento-venta\" data-id=\"3141\">\n        <div class=\"eael-grid-post-holder\">\n            <div class=\"eael-grid-post-holder-inner\"><div class=\"eael-entry-media\"><div class=\"eael-entry-overlay fade-in\"><i class=\"\" aria-hidden=\"true\"><\/i><a href=\"https:\/\/anselmopropiedades.com\/web\/vendo-caribe-departamentos-frente-al-mar-complejo-albatros\/\"><\/a><\/div><div class=\"eael-entry-thumbnail \">\n                 <img decoding=\"async\" width=\"300\" height=\"169\" src=\"https:\/\/anselmopropiedades.com\/web\/wp-content\/uploads\/2017\/11\/PRINCIPAL-300x169.jpg\" class=\"attachment-medium size-medium wp-image-3157\" alt=\"\" srcset=\"https:\/\/anselmopropiedades.com\/web\/wp-content\/uploads\/2017\/11\/PRINCIPAL-300x169.jpg 300w, https:\/\/anselmopropiedades.com\/web\/wp-content\/uploads\/2017\/11\/PRINCIPAL-768x432.jpg 768w, https:\/\/anselmopropiedades.com\/web\/wp-content\/uploads\/2017\/11\/PRINCIPAL-500x281.jpg 500w, https:\/\/anselmopropiedades.com\/web\/wp-content\/uploads\/2017\/11\/PRINCIPAL.jpg 800w\" sizes=\"(max-width: 300px) 100vw, 300px\" \/>\n             <\/div>\n        <\/div><div class=\"eael-entry-wrapper\"><header class=\"eael-entry-header\"><h2 class=\"eael-entry-title\"><a class=\"eael-grid-post-link\" href=\"https:\/\/anselmopropiedades.com\/web\/vendo-caribe-departamentos-frente-al-mar-complejo-albatros\/\" title=\"Vendo &#8211; caribe \u2013 departamentos frente al mar &#8211; Complejo Albatros\">Vendo &#8211; caribe \u2013 departamentos frente al mar &#8211; Complejo Albatros<\/a><\/h2><\/header><div class=\"eael-entry-content\">\n                        <div class=\"eael-grid-post-excerpt\"><a href=\"https:\/\/anselmopropiedades.com\/web\/vendo-caribe-departamentos-frente-al-mar-complejo-albatros\/\" class=\"eael-post-elements-readmore-btn\">Leer m\u00e1s<\/a><\/div>\n                    <\/div><\/div><\/div>\n        <\/div>\n    <\/article><article class=\"eael-grid-post  eael-post-grid-column eael-pg-post-2421 category-emprendimiento-fracciones-inversion-venta\" data-id=\"2421\">\n        <div class=\"eael-grid-post-holder\">\n            <div class=\"eael-grid-post-holder-inner\"><div class=\"eael-entry-media\"><div class=\"eael-entry-overlay fade-in\"><i class=\"\" aria-hidden=\"true\"><\/i><a href=\"https:\/\/anselmopropiedades.com\/web\/663-hectareas-para-puerto-multiproposito-punta-alta-bahia-blanca\/\"><\/a><\/div><div class=\"eael-entry-thumbnail \">\n                 <img decoding=\"async\" width=\"300\" height=\"147\" src=\"https:\/\/anselmopropiedades.com\/web\/wp-content\/uploads\/2016\/08\/PUNTA-ALTA-PORT-PANORAMICA-CON-OTROS-PUERTOS-300x147.jpg\" class=\"attachment-medium size-medium wp-image-2424\" alt=\"\" srcset=\"https:\/\/anselmopropiedades.com\/web\/wp-content\/uploads\/2016\/08\/PUNTA-ALTA-PORT-PANORAMICA-CON-OTROS-PUERTOS-300x147.jpg 300w, https:\/\/anselmopropiedades.com\/web\/wp-content\/uploads\/2016\/08\/PUNTA-ALTA-PORT-PANORAMICA-CON-OTROS-PUERTOS-768x376.jpg 768w, https:\/\/anselmopropiedades.com\/web\/wp-content\/uploads\/2016\/08\/PUNTA-ALTA-PORT-PANORAMICA-CON-OTROS-PUERTOS-500x245.jpg 500w, https:\/\/anselmopropiedades.com\/web\/wp-content\/uploads\/2016\/08\/PUNTA-ALTA-PORT-PANORAMICA-CON-OTROS-PUERTOS.jpg 1024w\" sizes=\"(max-width: 300px) 100vw, 300px\" \/>\n             <\/div>\n        <\/div><div class=\"eael-entry-wrapper\"><header class=\"eael-entry-header\"><h2 class=\"eael-entry-title\"><a class=\"eael-grid-post-link\" href=\"https:\/\/anselmopropiedades.com\/web\/663-hectareas-para-puerto-multiproposito-punta-alta-bahia-blanca\/\" title=\"663 HECT\u00c1REAS PARA PUERTO MULTIPROP\u00d3SITO &#8211; PUNTA ALTA \u2013 BAH\u00cdA BLANCA\">663 HECT\u00c1REAS PARA PUERTO MULTIPROP\u00d3SITO &#8211; PUNTA ALTA \u2013 BAH\u00cdA BLANCA<\/a><\/h2><\/header><div class=\"eael-entry-content\">\n                        <div class=\"eael-grid-post-excerpt\"><a href=\"https:\/\/anselmopropiedades.com\/web\/663-hectareas-para-puerto-multiproposito-punta-alta-bahia-blanca\/\" class=\"eael-post-elements-readmore-btn\">Leer m\u00e1s<\/a><\/div>\n                    <\/div><\/div><\/div>\n        <\/div>\n    <\/article><\/div>\n            <div class=\"clearfix\"><\/div>\n        <\/div>\t\t\t\t<\/div>\n\t\t\t\t<\/div>\n\t\t\t\t<div class=\"elementor-element elementor-element-8bbc877 elementor-widget-divider--view-line elementor-widget elementor-widget-divider\" data-id=\"8bbc877\" data-element_type=\"widget\" data-e-type=\"widget\" data-widget_type=\"divider.default\">\n\t\t\t\t<div class=\"elementor-widget-container\">\n\t\t\t\t\t\t\t<div class=\"elementor-divider\">\n\t\t\t<span class=\"elementor-divider-separator\">\n\t\t\t\t\t\t<\/span>\n\t\t<\/div>\n\t\t\t\t\t\t<\/div>\n\t\t\t\t<\/div>\n\t\t\t\t\t<\/div>\n\t\t<\/div>\n\t\t\t\t\t<\/div>\n\t\t<\/section>\n\t\t\t\t<\/div>\n\t\t","protected":false},"excerpt":{"rendered":"<p>Emprendimientos Vendo Hotel Excelente Ubicacion Leer m\u00e1s Vendo &#8211; caribe \u2013 departamentos frente al mar &#8211; Complejo Albatros Leer m\u00e1s 663 HECT\u00c1REAS PARA PUERTO MULTIPROP\u00d3SITO &#8211; PUNTA ALTA \u2013 BAH\u00cdA BLANCA Leer m\u00e1s<\/p>\n","protected":false},"author":2,"featured_media":0,"parent":5124,"menu_order":0,"comment_status":"closed","ping_status":"closed","template":"elementor_header_footer","meta":{"site-sidebar-layout":"default","site-content-layout":"","ast-site-content-layout":"default","site-content-style":"default","site-sidebar-style":"default","ast-global-header-display":"","ast-banner-title-visibility":"","ast-main-header-display":"","ast-hfb-above-header-display":"","ast-hfb-below-header-display":"","ast-hfb-mobile-header-display":"","site-post-title":"","ast-breadcrumbs-content":"","ast-featured-img":"","footer-sml-layout":"","ast-disable-related-posts":"","theme-transparent-header-meta":"","adv-header-id-meta":"","stick-header-meta":"","header-above-stick-meta":"","header-main-stick-meta":"","header-below-stick-meta":"","astra-migrate-meta-layouts":"default","ast-page-background-enabled":"default","ast-page-background-meta":{"desktop":{"background-color":"var(--ast-global-color-4)","background-image":"","background-repeat":"repeat","background-position":"center center","background-size":"auto","background-attachment":"scroll","background-type":"","background-media":"","overlay-type":"","overlay-color":"","overlay-opacity":"","overlay-gradient":""},"tablet":{"background-color":"","background-image":"","background-repeat":"repeat","background-position":"center center","background-size":"auto","background-attachment":"scroll","background-type":"","background-media":"","overlay-type":"","overlay-color":"","overlay-opacity":"","overlay-gradient":""},"mobile":{"background-color":"","background-image":"","background-repeat":"repeat","background-position":"center center","background-size":"auto","background-attachment":"scroll","background-type":"","background-media":"","overlay-type":"","overlay-color":"","overlay-opacity":"","overlay-gradient":""}},"ast-content-background-meta":{"desktop":{"background-color":"var(--ast-global-color-5)","background-image":"","background-repeat":"repeat","background-position":"center center","background-size":"auto","background-attachment":"scroll","background-type":"","background-media":"","overlay-type":"","overlay-color":"","overlay-opacity":"","overlay-gradient":""},"tablet":{"background-color":"var(--ast-global-color-5)","background-image":"","background-repeat":"repeat","background-position":"center center","background-size":"auto","background-attachment":"scroll","background-type":"","background-media":"","overlay-type":"","overlay-color":"","overlay-opacity":"","overlay-gradient":""},"mobile":{"background-color":"var(--ast-global-color-5)","background-image":"","background-repeat":"repeat","background-position":"center center","background-size":"auto","background-attachment":"scroll","background-type":"","background-media":"","overlay-type":"","overlay-color":"","overlay-opacity":"","overlay-gradient":""}},"pgc_sgb_lightbox_settings":"","footnotes":""},"class_list":["post-3736","page","type-page","status-publish","hentry"],"_links":{"self":[{"href":"https:\/\/anselmopropiedades.com\/web\/wp-json\/wp\/v2\/pages\/3736","targetHints":{"allow":["GET"]}}],"collection":[{"href":"https:\/\/anselmopropiedades.com\/web\/wp-json\/wp\/v2\/pages"}],"about":[{"href":"https:\/\/anselmopropiedades.com\/web\/wp-json\/wp\/v2\/types\/page"}],"author":[{"embeddable":true,"href":"https:\/\/anselmopropiedades.com\/web\/wp-json\/wp\/v2\/users\/2"}],"replies":[{"embeddable":true,"href":"https:\/\/anselmopropiedades.com\/web\/wp-json\/wp\/v2\/comments?post=3736"}],"version-history":[{"count":6,"href":"https:\/\/anselmopropiedades.com\/web\/wp-json\/wp\/v2\/pages\/3736\/revisions"}],"predecessor-version":[{"id":5516,"href":"https:\/\/anselmopropiedades.com\/web\/wp-json\/wp\/v2\/pages\/3736\/revisions\/5516"}],"up":[{"embeddable":true,"href":"https:\/\/anselmopropiedades.com\/web\/wp-json\/wp\/v2\/pages\/5124"}],"wp:attachment":[{"href":"https:\/\/anselmopropiedades.com\/web\/wp-json\/wp\/v2\/media?parent=3736"}],"curies":[{"name":"wp","href":"https:\/\/api.w.org\/{rel}","templated":true}]}}