{"id":3728,"date":"2018-09-29T12:45:12","date_gmt":"2018-09-29T12:45:12","guid":{"rendered":"https:\/\/anselmopropiedades.com\/ap\/?page_id=3728"},"modified":"2021-10-27T01:33:09","modified_gmt":"2021-10-27T01:33:09","slug":"inversiones","status":"publish","type":"page","link":"https:\/\/anselmopropiedades.com\/web\/ventas_post\/inversiones\/","title":{"rendered":"Inversiones"},"content":{"rendered":"\t\t<div data-elementor-type=\"wp-page\" data-elementor-id=\"3728\" class=\"elementor elementor-3728\">\n\t\t\t\t\t\t<section class=\"elementor-section elementor-top-section elementor-element elementor-element-7b12919 elementor-section-boxed elementor-section-height-default elementor-section-height-default\" data-id=\"7b12919\" data-element_type=\"section\" data-e-type=\"section\">\n\t\t\t\t\t\t<div class=\"elementor-container elementor-column-gap-default\">\n\t\t\t\t\t<div class=\"elementor-column elementor-col-100 elementor-top-column elementor-element elementor-element-534fabb\" data-id=\"534fabb\" data-element_type=\"column\" data-e-type=\"column\">\n\t\t\t<div class=\"elementor-widget-wrap elementor-element-populated\">\n\t\t\t\t\t\t<div class=\"elementor-element elementor-element-f2dd69b elementor-widget elementor-widget-heading\" data-id=\"f2dd69b\" data-element_type=\"widget\" data-e-type=\"widget\" data-widget_type=\"heading.default\">\n\t\t\t\t<div class=\"elementor-widget-container\">\n\t\t\t\t\t<h2 class=\"elementor-heading-title elementor-size-default\">Inversiones<\/h2>\t\t\t\t<\/div>\n\t\t\t\t<\/div>\n\t\t\t\t<div class=\"elementor-element elementor-element-12ad0f6 elementor-widget-divider--view-line elementor-widget elementor-widget-divider\" data-id=\"12ad0f6\" data-element_type=\"widget\" data-e-type=\"widget\" data-widget_type=\"divider.default\">\n\t\t\t\t<div class=\"elementor-widget-container\">\n\t\t\t\t\t\t\t<div class=\"elementor-divider\">\n\t\t\t<span class=\"elementor-divider-separator\">\n\t\t\t\t\t\t<\/span>\n\t\t<\/div>\n\t\t\t\t\t\t<\/div>\n\t\t\t\t<\/div>\n\t\t\t\t<div class=\"elementor-element elementor-element-873f16c elementor-grid-eael-col-3 animated-slow elementor-grid-tablet-eael-col-2 elementor-grid-mobile-eael-col-1 elementor-invisible elementor-widget elementor-widget-eael-post-grid\" data-id=\"873f16c\" data-element_type=\"widget\" data-e-type=\"widget\" data-settings=\"{&quot;eael_post_grid_columns&quot;:&quot;eael-col-3&quot;,&quot;_animation&quot;:&quot;fadeIn&quot;,&quot;eael_post_grid_columns_tablet&quot;:&quot;eael-col-2&quot;,&quot;eael_post_grid_columns_mobile&quot;:&quot;eael-col-1&quot;}\" data-widget_type=\"eael-post-grid.default\">\n\t\t\t\t<div class=\"elementor-widget-container\">\n\t\t\t\t\t<div id=\"eael-post-grid-873f16c\" class=\"eael-post-grid-container\">\n            <div class=\"eael-post-grid eael-post-appender eael-post-appender-873f16c eael-post-grid-style-three\" data-layout-mode=\"masonry\"><article class=\"eael-grid-post  eael-post-grid-column eael-pg-post-6488 category-campos-chacra-inversion-oportunidades-venta tags-agricola-ganadero\" data-id=\"6488\">\n        <div class=\"eael-grid-post-holder\">\n            <div class=\"eael-grid-post-holder-inner\"><div class=\"eael-entry-media\"><div class=\"eael-entry-overlay fade-in\"><i class=\"\" aria-hidden=\"true\"><\/i><a href=\"https:\/\/anselmopropiedades.com\/web\/vendo-chacra-240-has-a-10km-de-gral-conesa\/\"><\/a><\/div><div class=\"eael-entry-thumbnail \">\n                 <img fetchpriority=\"high\" decoding=\"async\" width=\"300\" height=\"172\" src=\"https:\/\/anselmopropiedades.com\/web\/wp-content\/uploads\/2022\/11\/Principal-300x172.jpg\" class=\"attachment-medium size-medium wp-image-6492\" alt=\"\" srcset=\"https:\/\/anselmopropiedades.com\/web\/wp-content\/uploads\/2022\/11\/Principal-300x172.jpg 300w, https:\/\/anselmopropiedades.com\/web\/wp-content\/uploads\/2022\/11\/Principal-1024x585.jpg 1024w, https:\/\/anselmopropiedades.com\/web\/wp-content\/uploads\/2022\/11\/Principal-768x439.jpg 768w, https:\/\/anselmopropiedades.com\/web\/wp-content\/uploads\/2022\/11\/Principal-1536x878.jpg 1536w, https:\/\/anselmopropiedades.com\/web\/wp-content\/uploads\/2022\/11\/Principal-2048x1171.jpg 2048w\" sizes=\"(max-width: 300px) 100vw, 300px\" \/>\n             <\/div>\n        <\/div><div class=\"eael-entry-wrapper\"><header class=\"eael-entry-header\"><h2 class=\"eael-entry-title\"><a class=\"eael-grid-post-link\" href=\"https:\/\/anselmopropiedades.com\/web\/vendo-chacra-240-has-a-10km-de-gral-conesa\/\" title=\"Vendo Chacra 240 Has. a 10km de Gral. Conesa\">Vendo Chacra 240 Has. a 10km de Gral. Conesa<\/a><\/h2><\/header><div class=\"eael-entry-content\">\n                        <div class=\"eael-grid-post-excerpt\"><a href=\"https:\/\/anselmopropiedades.com\/web\/vendo-chacra-240-has-a-10km-de-gral-conesa\/\" class=\"eael-post-elements-readmore-btn\">Leer m\u00e1s<\/a><\/div>\n                    <\/div><\/div><\/div>\n        <\/div>\n    <\/article><article class=\"eael-grid-post  eael-post-grid-column eael-pg-post-4521 category-inversion-oportunidades-venta\" data-id=\"4521\">\n        <div class=\"eael-grid-post-holder\">\n            <div class=\"eael-grid-post-holder-inner\"><div class=\"eael-entry-media\"><div class=\"eael-entry-overlay fade-in\"><i class=\"\" aria-hidden=\"true\"><\/i><a href=\"https:\/\/anselmopropiedades.com\/web\/vendo-local-en-av-quintana-recoleta\/\"><\/a><\/div><div class=\"eael-entry-thumbnail \">\n                 <img decoding=\"async\" width=\"300\" height=\"247\" src=\"https:\/\/anselmopropiedades.com\/web\/wp-content\/uploads\/2020\/10\/Sin-titulo-300x247.png\" class=\"attachment-medium size-medium wp-image-4522\" alt=\"\" srcset=\"https:\/\/anselmopropiedades.com\/web\/wp-content\/uploads\/2020\/10\/Sin-titulo-300x247.png 300w, https:\/\/anselmopropiedades.com\/web\/wp-content\/uploads\/2020\/10\/Sin-titulo-365x300.png 365w, https:\/\/anselmopropiedades.com\/web\/wp-content\/uploads\/2020\/10\/Sin-titulo.png 384w\" sizes=\"(max-width: 300px) 100vw, 300px\" \/>\n             <\/div>\n        <\/div><div class=\"eael-entry-wrapper\"><header class=\"eael-entry-header\"><h2 class=\"eael-entry-title\"><a class=\"eael-grid-post-link\" href=\"https:\/\/anselmopropiedades.com\/web\/vendo-local-en-av-quintana-recoleta\/\" title=\"Local en Av. Quintana- Barrio Recoleta\">Local en Av. Quintana- Barrio Recoleta<\/a><\/h2><\/header><div class=\"eael-entry-content\">\n                        <div class=\"eael-grid-post-excerpt\"><a href=\"https:\/\/anselmopropiedades.com\/web\/vendo-local-en-av-quintana-recoleta\/\" class=\"eael-post-elements-readmore-btn\">Leer m\u00e1s<\/a><\/div>\n                    <\/div><\/div><\/div>\n        <\/div>\n    <\/article><article class=\"eael-grid-post  eael-post-grid-column eael-pg-post-4403 category-emprendimiento-hoteles-inversion-oportunidades-venta\" data-id=\"4403\">\n        <div class=\"eael-grid-post-holder\">\n            <div class=\"eael-grid-post-holder-inner\"><div class=\"eael-entry-media\"><div class=\"eael-entry-overlay fade-in\"><i class=\"\" aria-hidden=\"true\"><\/i><a href=\"https:\/\/anselmopropiedades.com\/web\/vendo-hotel-excelente-ubicacion\/\"><\/a><\/div><div class=\"eael-entry-thumbnail \">\n                 <img decoding=\"async\" width=\"300\" height=\"225\" src=\"https:\/\/anselmopropiedades.com\/web\/wp-content\/uploads\/2020\/08\/WhatsApp-Image-2020-08-26-at-19.05.52-1-300x225.jpeg\" class=\"attachment-medium size-medium wp-image-4404\" alt=\"\" srcset=\"https:\/\/anselmopropiedades.com\/web\/wp-content\/uploads\/2020\/08\/WhatsApp-Image-2020-08-26-at-19.05.52-1-300x225.jpeg 300w, https:\/\/anselmopropiedades.com\/web\/wp-content\/uploads\/2020\/08\/WhatsApp-Image-2020-08-26-at-19.05.52-1-1024x768.jpeg 1024w, https:\/\/anselmopropiedades.com\/web\/wp-content\/uploads\/2020\/08\/WhatsApp-Image-2020-08-26-at-19.05.52-1-768x576.jpeg 768w, https:\/\/anselmopropiedades.com\/web\/wp-content\/uploads\/2020\/08\/WhatsApp-Image-2020-08-26-at-19.05.52-1-400x300.jpeg 400w, https:\/\/anselmopropiedades.com\/web\/wp-content\/uploads\/2020\/08\/WhatsApp-Image-2020-08-26-at-19.05.52-1.jpeg 1280w\" sizes=\"(max-width: 300px) 100vw, 300px\" \/>\n             <\/div>\n        <\/div><div class=\"eael-entry-wrapper\"><header class=\"eael-entry-header\"><h2 class=\"eael-entry-title\"><a class=\"eael-grid-post-link\" href=\"https:\/\/anselmopropiedades.com\/web\/vendo-hotel-excelente-ubicacion\/\" title=\"Vendo Hotel Excelente Ubicacion\">Vendo Hotel Excelente Ubicacion<\/a><\/h2><\/header><div class=\"eael-entry-content\">\n                        <div class=\"eael-grid-post-excerpt\"><a href=\"https:\/\/anselmopropiedades.com\/web\/vendo-hotel-excelente-ubicacion\/\" class=\"eael-post-elements-readmore-btn\">Leer m\u00e1s<\/a><\/div>\n                    <\/div><\/div><\/div>\n        <\/div>\n    <\/article><article class=\"eael-grid-post  eael-post-grid-column eael-pg-post-3680 category-inversion-venta\" data-id=\"3680\">\n        <div class=\"eael-grid-post-holder\">\n            <div class=\"eael-grid-post-holder-inner\"><div class=\"eael-entry-media\"><div class=\"eael-entry-overlay fade-in\"><i class=\"\" aria-hidden=\"true\"><\/i><a href=\"https:\/\/anselmopropiedades.com\/web\/ideal-para-proyecto-de-puerto-en-zarate-brazo-largo-1400-m-sobre-el-rio-parana-guazu\/\"><\/a><\/div><div class=\"eael-entry-thumbnail \">\n                 <img loading=\"lazy\" decoding=\"async\" width=\"300\" height=\"147\" src=\"https:\/\/anselmopropiedades.com\/web\/wp-content\/uploads\/2018\/09\/IBICUY-PANORAMICA-CON-FOTOS-300x147.jpg\" class=\"attachment-medium size-medium wp-image-3685\" alt=\"\" srcset=\"https:\/\/anselmopropiedades.com\/web\/wp-content\/uploads\/2018\/09\/IBICUY-PANORAMICA-CON-FOTOS-300x147.jpg 300w, https:\/\/anselmopropiedades.com\/web\/wp-content\/uploads\/2018\/09\/IBICUY-PANORAMICA-CON-FOTOS-768x376.jpg 768w, https:\/\/anselmopropiedades.com\/web\/wp-content\/uploads\/2018\/09\/IBICUY-PANORAMICA-CON-FOTOS-500x245.jpg 500w, https:\/\/anselmopropiedades.com\/web\/wp-content\/uploads\/2018\/09\/IBICUY-PANORAMICA-CON-FOTOS.jpg 1024w\" sizes=\"(max-width: 300px) 100vw, 300px\" \/>\n             <\/div>\n        <\/div><div class=\"eael-entry-wrapper\"><header class=\"eael-entry-header\"><h2 class=\"eael-entry-title\"><a class=\"eael-grid-post-link\" href=\"https:\/\/anselmopropiedades.com\/web\/ideal-para-proyecto-de-puerto-en-zarate-brazo-largo-1400-m-sobre-el-rio-parana-guazu\/\" title=\"Ideal para proyecto de puerto en Zarate brazo largo &#8211; 1400 m sobre el R\u00edo Paran\u00e1 Guaz\u00fa\">Ideal para proyecto de puerto en Zarate brazo largo &#8211; 1400 m sobre el R\u00edo Paran\u00e1 Guaz\u00fa<\/a><\/h2><\/header><div class=\"eael-entry-content\">\n                        <div class=\"eael-grid-post-excerpt\"><a href=\"https:\/\/anselmopropiedades.com\/web\/ideal-para-proyecto-de-puerto-en-zarate-brazo-largo-1400-m-sobre-el-rio-parana-guazu\/\" class=\"eael-post-elements-readmore-btn\">Leer m\u00e1s<\/a><\/div>\n                    <\/div><\/div><\/div>\n        <\/div>\n    <\/article><article class=\"eael-grid-post  eael-post-grid-column eael-pg-post-3084 category-industrial-inversion-venta\" data-id=\"3084\">\n        <div class=\"eael-grid-post-holder\">\n            <div class=\"eael-grid-post-holder-inner\"><div class=\"eael-entry-media\"><div class=\"eael-entry-overlay fade-in\"><i class=\"\" aria-hidden=\"true\"><\/i><a href=\"https:\/\/anselmopropiedades.com\/web\/excelente-planta-procesadora-de-pescado\/\"><\/a><\/div><div class=\"eael-entry-thumbnail \">\n                 <img loading=\"lazy\" decoding=\"async\" width=\"300\" height=\"225\" src=\"https:\/\/anselmopropiedades.com\/web\/wp-content\/uploads\/2017\/08\/PRINCIPAL-PLANTA-PROCESADORA-DE-PESCADO-6-300x225.jpg\" class=\"attachment-medium size-medium wp-image-3085\" alt=\"\" srcset=\"https:\/\/anselmopropiedades.com\/web\/wp-content\/uploads\/2017\/08\/PRINCIPAL-PLANTA-PROCESADORA-DE-PESCADO-6-300x225.jpg 300w, https:\/\/anselmopropiedades.com\/web\/wp-content\/uploads\/2017\/08\/PRINCIPAL-PLANTA-PROCESADORA-DE-PESCADO-6-768x576.jpg 768w, https:\/\/anselmopropiedades.com\/web\/wp-content\/uploads\/2017\/08\/PRINCIPAL-PLANTA-PROCESADORA-DE-PESCADO-6-400x300.jpg 400w, https:\/\/anselmopropiedades.com\/web\/wp-content\/uploads\/2017\/08\/PRINCIPAL-PLANTA-PROCESADORA-DE-PESCADO-6.jpg 878w\" sizes=\"(max-width: 300px) 100vw, 300px\" \/>\n             <\/div>\n        <\/div><div class=\"eael-entry-wrapper\"><header class=\"eael-entry-header\"><h2 class=\"eael-entry-title\"><a class=\"eael-grid-post-link\" href=\"https:\/\/anselmopropiedades.com\/web\/excelente-planta-procesadora-de-pescado\/\" title=\"Excelente planta procesadora de pescado\">Excelente planta procesadora de pescado<\/a><\/h2><\/header><div class=\"eael-entry-content\">\n                        <div class=\"eael-grid-post-excerpt\"><a href=\"https:\/\/anselmopropiedades.com\/web\/excelente-planta-procesadora-de-pescado\/\" class=\"eael-post-elements-readmore-btn\">Leer m\u00e1s<\/a><\/div>\n                    <\/div><\/div><\/div>\n        <\/div>\n    <\/article><article class=\"eael-grid-post  eael-post-grid-column eael-pg-post-2938 category-inversion-venta\" data-id=\"2938\">\n        <div class=\"eael-grid-post-holder\">\n            <div class=\"eael-grid-post-holder-inner\"><div class=\"eael-entry-media\"><div class=\"eael-entry-overlay fade-in\"><i class=\"\" aria-hidden=\"true\"><\/i><a href=\"https:\/\/anselmopropiedades.com\/web\/excepcional-fraccion-de-100-hectareas-en-balneario-el-condor-viedma-provincia-de-rio-negro\/\"><\/a><\/div><div class=\"eael-entry-thumbnail \">\n                 <img loading=\"lazy\" decoding=\"async\" width=\"300\" height=\"198\" src=\"https:\/\/anselmopropiedades.com\/web\/wp-content\/uploads\/2017\/08\/PRINCIPAL-1-1-300x198.jpg\" class=\"attachment-medium size-medium wp-image-2939\" alt=\"\" srcset=\"https:\/\/anselmopropiedades.com\/web\/wp-content\/uploads\/2017\/08\/PRINCIPAL-1-1-300x198.jpg 300w, https:\/\/anselmopropiedades.com\/web\/wp-content\/uploads\/2017\/08\/PRINCIPAL-1-1-768x506.jpg 768w, https:\/\/anselmopropiedades.com\/web\/wp-content\/uploads\/2017\/08\/PRINCIPAL-1-1-455x300.jpg 455w, https:\/\/anselmopropiedades.com\/web\/wp-content\/uploads\/2017\/08\/PRINCIPAL-1-1.jpg 1016w\" sizes=\"(max-width: 300px) 100vw, 300px\" \/>\n             <\/div>\n        <\/div><div class=\"eael-entry-wrapper\"><header class=\"eael-entry-header\"><h2 class=\"eael-entry-title\"><a class=\"eael-grid-post-link\" href=\"https:\/\/anselmopropiedades.com\/web\/excepcional-fraccion-de-100-hectareas-en-balneario-el-condor-viedma-provincia-de-rio-negro\/\" title=\"IDEAL PARA LOTEO FRENTE AL MAR &#8211; BALNEARIO EL CONDOR\">IDEAL PARA LOTEO FRENTE AL MAR &#8211; BALNEARIO EL CONDOR<\/a><\/h2><\/header><div class=\"eael-entry-content\">\n                        <div class=\"eael-grid-post-excerpt\"><a href=\"https:\/\/anselmopropiedades.com\/web\/excepcional-fraccion-de-100-hectareas-en-balneario-el-condor-viedma-provincia-de-rio-negro\/\" class=\"eael-post-elements-readmore-btn\">Leer m\u00e1s<\/a><\/div>\n                    <\/div><\/div><\/div>\n        <\/div>\n    <\/article><\/div>\n            <div class=\"clearfix\"><\/div>\n        <\/div>            <div class=\"eael-load-more-button-wrap\">\n                <button class=\"eael-load-more-button\" id=\"eael-load-more-btn-873f16c\" data-widget-id=\"873f16c\" data-widget=\"873f16c\" data-page-id=\"3728\" data-template=\"{&quot;dir&quot;:&quot;lite&quot;,&quot;file_name&quot;:&quot;three.php&quot;,&quot;name&quot;:&quot;Post-Grid&quot;}\" data-class=\"Essential_Addons_Elementor\\Elements\\Post_Grid\" data-layout=\"masonry\" data-page=\"1\" data-args=\"orderby=date&amp;order=desc&amp;ignore_sticky_posts=1&amp;post_status=publish&amp;posts_per_page=6&amp;offset=0&amp;post_type=post&amp;tax_query%5B0%5D%5Btaxonomy%5D=category&amp;tax_query%5B0%5D%5Bfield%5D=term_id&amp;tax_query%5B0%5D%5Bterms%5D%5B0%5D=22&amp;tax_query%5Brelation%5D=AND\" data-max-page=\"2\">\n                    <span class=\"eael-btn-loader button__loader\"><\/span>\n                    <span class=\"eael_load_more_text\">Ver m\u00e1s productos<\/span>\n                <\/button>\n            <\/div>\n            \t\t\t\t<\/div>\n\t\t\t\t<\/div>\n\t\t\t\t<div class=\"elementor-element elementor-element-80a6fc2 elementor-widget-divider--view-line elementor-widget elementor-widget-divider\" data-id=\"80a6fc2\" data-element_type=\"widget\" data-e-type=\"widget\" data-widget_type=\"divider.default\">\n\t\t\t\t<div class=\"elementor-widget-container\">\n\t\t\t\t\t\t\t<div class=\"elementor-divider\">\n\t\t\t<span class=\"elementor-divider-separator\">\n\t\t\t\t\t\t<\/span>\n\t\t<\/div>\n\t\t\t\t\t\t<\/div>\n\t\t\t\t<\/div>\n\t\t\t\t\t<\/div>\n\t\t<\/div>\n\t\t\t\t\t<\/div>\n\t\t<\/section>\n\t\t\t\t<\/div>\n\t\t","protected":false},"excerpt":{"rendered":"<p>Inversiones Local en Av. Quintana- Barrio Recoleta Leer m\u00e1s Vendo Hotel Excelente Ubicacion Leer m\u00e1s Ideal para proyecto de puerto en Zarate brazo largo &#8211; 1400 m sobre el R\u00edo Paran\u00e1 Guaz\u00fa Leer m\u00e1s Puerto pir\u00e1mides \u2013 excelente inversi\u00f3n Leer m\u00e1s Excelente planta procesadora de pescado Leer m\u00e1s IDEAL PARA LOTEO FRENTE AL MAR &#8211; [&hellip;]<\/p>\n","protected":false},"author":2,"featured_media":0,"parent":5124,"menu_order":0,"comment_status":"closed","ping_status":"closed","template":"elementor_header_footer","meta":{"site-sidebar-layout":"default","site-content-layout":"","ast-site-content-layout":"default","site-content-style":"default","site-sidebar-style":"default","ast-global-header-display":"","ast-banner-title-visibility":"","ast-main-header-display":"","ast-hfb-above-header-display":"","ast-hfb-below-header-display":"","ast-hfb-mobile-header-display":"","site-post-title":"","ast-breadcrumbs-content":"","ast-featured-img":"","footer-sml-layout":"","ast-disable-related-posts":"","theme-transparent-header-meta":"","adv-header-id-meta":"","stick-header-meta":"","header-above-stick-meta":"","header-main-stick-meta":"","header-below-stick-meta":"","astra-migrate-meta-layouts":"default","ast-page-background-enabled":"default","ast-page-background-meta":{"desktop":{"background-color":"var(--ast-global-color-4)","background-image":"","background-repeat":"repeat","background-position":"center center","background-size":"auto","background-attachment":"scroll","background-type":"","background-media":"","overlay-type":"","overlay-color":"","overlay-opacity":"","overlay-gradient":""},"tablet":{"background-color":"","background-image":"","background-repeat":"repeat","background-position":"center center","background-size":"auto","background-attachment":"scroll","background-type":"","background-media":"","overlay-type":"","overlay-color":"","overlay-opacity":"","overlay-gradient":""},"mobile":{"background-color":"","background-image":"","background-repeat":"repeat","background-position":"center center","background-size":"auto","background-attachment":"scroll","background-type":"","background-media":"","overlay-type":"","overlay-color":"","overlay-opacity":"","overlay-gradient":""}},"ast-content-background-meta":{"desktop":{"background-color":"var(--ast-global-color-5)","background-image":"","background-repeat":"repeat","background-position":"center center","background-size":"auto","background-attachment":"scroll","background-type":"","background-media":"","overlay-type":"","overlay-color":"","overlay-opacity":"","overlay-gradient":""},"tablet":{"background-color":"var(--ast-global-color-5)","background-image":"","background-repeat":"repeat","background-position":"center center","background-size":"auto","background-attachment":"scroll","background-type":"","background-media":"","overlay-type":"","overlay-color":"","overlay-opacity":"","overlay-gradient":""},"mobile":{"background-color":"var(--ast-global-color-5)","background-image":"","background-repeat":"repeat","background-position":"center center","background-size":"auto","background-attachment":"scroll","background-type":"","background-media":"","overlay-type":"","overlay-color":"","overlay-opacity":"","overlay-gradient":""}},"pgc_sgb_lightbox_settings":"","footnotes":""},"class_list":["post-3728","page","type-page","status-publish","hentry"],"_links":{"self":[{"href":"https:\/\/anselmopropiedades.com\/web\/wp-json\/wp\/v2\/pages\/3728","targetHints":{"allow":["GET"]}}],"collection":[{"href":"https:\/\/anselmopropiedades.com\/web\/wp-json\/wp\/v2\/pages"}],"about":[{"href":"https:\/\/anselmopropiedades.com\/web\/wp-json\/wp\/v2\/types\/page"}],"author":[{"embeddable":true,"href":"https:\/\/anselmopropiedades.com\/web\/wp-json\/wp\/v2\/users\/2"}],"replies":[{"embeddable":true,"href":"https:\/\/anselmopropiedades.com\/web\/wp-json\/wp\/v2\/comments?post=3728"}],"version-history":[{"count":7,"href":"https:\/\/anselmopropiedades.com\/web\/wp-json\/wp\/v2\/pages\/3728\/revisions"}],"predecessor-version":[{"id":5523,"href":"https:\/\/anselmopropiedades.com\/web\/wp-json\/wp\/v2\/pages\/3728\/revisions\/5523"}],"up":[{"embeddable":true,"href":"https:\/\/anselmopropiedades.com\/web\/wp-json\/wp\/v2\/pages\/5124"}],"wp:attachment":[{"href":"https:\/\/anselmopropiedades.com\/web\/wp-json\/wp\/v2\/media?parent=3728"}],"curies":[{"name":"wp","href":"https:\/\/api.w.org\/{rel}","templated":true}]}}