{"id":1836,"date":"2016-02-26T17:42:55","date_gmt":"2016-02-26T17:42:55","guid":{"rendered":"https:\/\/anselmopropiedades.com\/ap\/?page_id=1836"},"modified":"2021-10-27T01:22:42","modified_gmt":"2021-10-27T01:22:42","slug":"deptos","status":"publish","type":"page","link":"https:\/\/anselmopropiedades.com\/web\/ventas_post\/deptos\/","title":{"rendered":"Departamentos"},"content":{"rendered":"\t\t<div data-elementor-type=\"wp-page\" data-elementor-id=\"1836\" class=\"elementor elementor-1836\">\n\t\t\t\t\t\t<section class=\"elementor-section elementor-top-section elementor-element elementor-element-6d75d3c elementor-section-boxed elementor-section-height-default elementor-section-height-default\" data-id=\"6d75d3c\" data-element_type=\"section\" data-e-type=\"section\">\n\t\t\t\t\t\t<div class=\"elementor-container elementor-column-gap-default\">\n\t\t\t\t\t<div class=\"elementor-column elementor-col-100 elementor-top-column elementor-element elementor-element-72c9f7e\" data-id=\"72c9f7e\" data-element_type=\"column\" data-e-type=\"column\">\n\t\t\t<div class=\"elementor-widget-wrap elementor-element-populated\">\n\t\t\t\t\t\t<div class=\"elementor-element elementor-element-a84fc16 elementor-widget elementor-widget-heading\" data-id=\"a84fc16\" data-element_type=\"widget\" data-e-type=\"widget\" data-widget_type=\"heading.default\">\n\t\t\t\t<div class=\"elementor-widget-container\">\n\t\t\t\t\t<h2 class=\"elementor-heading-title elementor-size-default\">Departamentos<\/h2>\t\t\t\t<\/div>\n\t\t\t\t<\/div>\n\t\t\t\t<div class=\"elementor-element elementor-element-b50ba0d elementor-widget-divider--view-line elementor-widget elementor-widget-divider\" data-id=\"b50ba0d\" data-element_type=\"widget\" data-e-type=\"widget\" data-widget_type=\"divider.default\">\n\t\t\t\t<div class=\"elementor-widget-container\">\n\t\t\t\t\t\t\t<div class=\"elementor-divider\">\n\t\t\t<span class=\"elementor-divider-separator\">\n\t\t\t\t\t\t<\/span>\n\t\t<\/div>\n\t\t\t\t\t\t<\/div>\n\t\t\t\t<\/div>\n\t\t\t\t<div class=\"elementor-element elementor-element-a59d857 elementor-grid-eael-col-3 animated-slow elementor-grid-tablet-eael-col-2 elementor-grid-mobile-eael-col-1 elementor-invisible elementor-widget elementor-widget-eael-post-grid\" data-id=\"a59d857\" data-element_type=\"widget\" data-e-type=\"widget\" data-settings=\"{&quot;eael_post_grid_columns&quot;:&quot;eael-col-3&quot;,&quot;_animation&quot;:&quot;fadeIn&quot;,&quot;eael_post_grid_columns_tablet&quot;:&quot;eael-col-2&quot;,&quot;eael_post_grid_columns_mobile&quot;:&quot;eael-col-1&quot;}\" data-widget_type=\"eael-post-grid.default\">\n\t\t\t\t<div class=\"elementor-widget-container\">\n\t\t\t\t\t<div id=\"eael-post-grid-a59d857\" class=\"eael-post-grid-container\">\n            <div class=\"eael-post-grid eael-post-appender eael-post-appender-a59d857 eael-post-grid-style-three\" data-layout-mode=\"masonry\"><article class=\"eael-grid-post  eael-post-grid-column eael-pg-post-8051 category-deptos-venta tags-2dormitorios-chubut-playa-puerto-madryn-venta\" data-id=\"8051\">\n        <div class=\"eael-grid-post-holder\">\n            <div class=\"eael-grid-post-holder-inner\"><div class=\"eael-entry-media\"><div class=\"eael-entry-overlay fade-in\"><i class=\"\" aria-hidden=\"true\"><\/i><a href=\"https:\/\/anselmopropiedades.com\/web\/excelente-departamento-frente-al-mar\/\"><\/a><\/div><div class=\"eael-entry-thumbnail \">\n                 <img fetchpriority=\"high\" decoding=\"async\" width=\"300\" height=\"225\" src=\"https:\/\/anselmopropiedades.com\/web\/wp-content\/uploads\/2026\/02\/BV.-BROWN-873-GANCYBEL-II-PISO-2-3-300x225.jpeg\" class=\"attachment-medium size-medium wp-image-8058\" alt=\"\" srcset=\"https:\/\/anselmopropiedades.com\/web\/wp-content\/uploads\/2026\/02\/BV.-BROWN-873-GANCYBEL-II-PISO-2-3-300x225.jpeg 300w, https:\/\/anselmopropiedades.com\/web\/wp-content\/uploads\/2026\/02\/BV.-BROWN-873-GANCYBEL-II-PISO-2-3-1024x768.jpeg 1024w, https:\/\/anselmopropiedades.com\/web\/wp-content\/uploads\/2026\/02\/BV.-BROWN-873-GANCYBEL-II-PISO-2-3-768x576.jpeg 768w, https:\/\/anselmopropiedades.com\/web\/wp-content\/uploads\/2026\/02\/BV.-BROWN-873-GANCYBEL-II-PISO-2-3.jpeg 1280w\" sizes=\"(max-width: 300px) 100vw, 300px\" \/>\n             <\/div>\n        <\/div><div class=\"eael-entry-wrapper\"><header class=\"eael-entry-header\"><h2 class=\"eael-entry-title\"><a class=\"eael-grid-post-link\" href=\"https:\/\/anselmopropiedades.com\/web\/excelente-departamento-frente-al-mar\/\" title=\"Excelente Departamento Frente al Mar\">Excelente Departamento Frente al Mar<\/a><\/h2><\/header><div class=\"eael-entry-content\">\n                        <div class=\"eael-grid-post-excerpt\"><a href=\"https:\/\/anselmopropiedades.com\/web\/excelente-departamento-frente-al-mar\/\" class=\"eael-post-elements-readmore-btn\">Leer m\u00e1s<\/a><\/div>\n                    <\/div><\/div><\/div>\n        <\/div>\n    <\/article><article class=\"eael-grid-post  eael-post-grid-column eael-pg-post-7980 category-deptos-venta tags-chubut-puerto-madryn-venta\" data-id=\"7980\">\n        <div class=\"eael-grid-post-holder\">\n            <div class=\"eael-grid-post-holder-inner\"><div class=\"eael-entry-wrapper\"><header class=\"eael-entry-header\"><h2 class=\"eael-entry-title\"><a class=\"eael-grid-post-link\" href=\"https:\/\/anselmopropiedades.com\/web\/vendo-casa-4-departamentos\/\" title=\"VENDO CASA + 4 DEPARTAMENTOS\">VENDO CASA + 4 DEPARTAMENTOS<\/a><\/h2><\/header><div class=\"eael-entry-content\">\n                        <div class=\"eael-grid-post-excerpt\"><a href=\"https:\/\/anselmopropiedades.com\/web\/vendo-casa-4-departamentos\/\" class=\"eael-post-elements-readmore-btn\">Leer m\u00e1s<\/a><\/div>\n                    <\/div><\/div><\/div>\n        <\/div>\n    <\/article><article class=\"eael-grid-post  eael-post-grid-column eael-pg-post-7910 category-deptos-venta tags-3dormitorios-playa-puerto-madryn-venta\" data-id=\"7910\">\n        <div class=\"eael-grid-post-holder\">\n            <div class=\"eael-grid-post-holder-inner\"><div class=\"eael-entry-media\"><div class=\"eael-entry-overlay fade-in\"><i class=\"\" aria-hidden=\"true\"><\/i><a href=\"https:\/\/anselmopropiedades.com\/web\/vendo-departamento-frente-al-mar-2\/\"><\/a><\/div><div class=\"eael-entry-thumbnail \">\n                 <img decoding=\"async\" width=\"300\" height=\"225\" src=\"https:\/\/anselmopropiedades.com\/web\/wp-content\/uploads\/2025\/12\/Living-comedor-3-300x225.jpeg\" class=\"attachment-medium size-medium wp-image-7933\" alt=\"\" srcset=\"https:\/\/anselmopropiedades.com\/web\/wp-content\/uploads\/2025\/12\/Living-comedor-3-300x225.jpeg 300w, https:\/\/anselmopropiedades.com\/web\/wp-content\/uploads\/2025\/12\/Living-comedor-3-1024x768.jpeg 1024w, https:\/\/anselmopropiedades.com\/web\/wp-content\/uploads\/2025\/12\/Living-comedor-3-768x576.jpeg 768w, https:\/\/anselmopropiedades.com\/web\/wp-content\/uploads\/2025\/12\/Living-comedor-3.jpeg 1280w\" sizes=\"(max-width: 300px) 100vw, 300px\" \/>\n             <\/div>\n        <\/div><div class=\"eael-entry-wrapper\"><header class=\"eael-entry-header\"><h2 class=\"eael-entry-title\"><a class=\"eael-grid-post-link\" href=\"https:\/\/anselmopropiedades.com\/web\/vendo-departamento-frente-al-mar-2\/\" title=\"VENDO DEPARTAMENTO FRENTE AL MAR\">VENDO DEPARTAMENTO FRENTE AL MAR<\/a><\/h2><\/header><div class=\"eael-entry-content\">\n                        <div class=\"eael-grid-post-excerpt\"><a href=\"https:\/\/anselmopropiedades.com\/web\/vendo-departamento-frente-al-mar-2\/\" class=\"eael-post-elements-readmore-btn\">Leer m\u00e1s<\/a><\/div>\n                    <\/div><\/div><\/div>\n        <\/div>\n    <\/article><article class=\"eael-grid-post  eael-post-grid-column eael-pg-post-7906 category-deptos-venta tags-chubut-monoambiente-playa-puerto-madryn-venta\" data-id=\"7906\">\n        <div class=\"eael-grid-post-holder\">\n            <div class=\"eael-grid-post-holder-inner\"><div class=\"eael-entry-media\"><div class=\"eael-entry-overlay fade-in\"><i class=\"\" aria-hidden=\"true\"><\/i><a href=\"https:\/\/anselmopropiedades.com\/web\/vendo-monoambiente-frente-al-mar\/\"><\/a><\/div><div class=\"eael-entry-thumbnail \">\n                 <img decoding=\"async\" width=\"300\" height=\"300\" src=\"https:\/\/anselmopropiedades.com\/web\/wp-content\/uploads\/2025\/12\/02-1-VISTA-AL-MAR-1-a-300x300.jpeg\" class=\"attachment-medium size-medium wp-image-7907\" alt=\"\" srcset=\"https:\/\/anselmopropiedades.com\/web\/wp-content\/uploads\/2025\/12\/02-1-VISTA-AL-MAR-1-a-300x300.jpeg 300w, https:\/\/anselmopropiedades.com\/web\/wp-content\/uploads\/2025\/12\/02-1-VISTA-AL-MAR-1-a-1024x1024.jpeg 1024w, https:\/\/anselmopropiedades.com\/web\/wp-content\/uploads\/2025\/12\/02-1-VISTA-AL-MAR-1-a-150x150.jpeg 150w, https:\/\/anselmopropiedades.com\/web\/wp-content\/uploads\/2025\/12\/02-1-VISTA-AL-MAR-1-a-768x768.jpeg 768w, https:\/\/anselmopropiedades.com\/web\/wp-content\/uploads\/2025\/12\/02-1-VISTA-AL-MAR-1-a.jpeg 1280w\" sizes=\"(max-width: 300px) 100vw, 300px\" \/>\n             <\/div>\n        <\/div><div class=\"eael-entry-wrapper\"><header class=\"eael-entry-header\"><h2 class=\"eael-entry-title\"><a class=\"eael-grid-post-link\" href=\"https:\/\/anselmopropiedades.com\/web\/vendo-monoambiente-frente-al-mar\/\" title=\"Vendo Monoambiente Frente al Mar\">Vendo Monoambiente Frente al Mar<\/a><\/h2><\/header><div class=\"eael-entry-content\">\n                        <div class=\"eael-grid-post-excerpt\"><a href=\"https:\/\/anselmopropiedades.com\/web\/vendo-monoambiente-frente-al-mar\/\" class=\"eael-post-elements-readmore-btn\">Leer m\u00e1s<\/a><\/div>\n                    <\/div><\/div><\/div>\n        <\/div>\n    <\/article><article class=\"eael-grid-post  eael-post-grid-column eael-pg-post-7852 category-deptos-venta tags-chubut-playa-puerto-madryn-venta\" data-id=\"7852\">\n        <div class=\"eael-grid-post-holder\">\n            <div class=\"eael-grid-post-holder-inner\"><div class=\"eael-entry-media\"><div class=\"eael-entry-overlay fade-in\"><i class=\"\" aria-hidden=\"true\"><\/i><a href=\"https:\/\/anselmopropiedades.com\/web\/vendo-monoambiente-pleno-centro\/\"><\/a><\/div><div class=\"eael-entry-thumbnail \">\n                 <img loading=\"lazy\" decoding=\"async\" width=\"225\" height=\"300\" src=\"https:\/\/anselmopropiedades.com\/web\/wp-content\/uploads\/2025\/11\/1-225x300.jpg\" class=\"attachment-medium size-medium wp-image-7853\" alt=\"\" srcset=\"https:\/\/anselmopropiedades.com\/web\/wp-content\/uploads\/2025\/11\/1-225x300.jpg 225w, https:\/\/anselmopropiedades.com\/web\/wp-content\/uploads\/2025\/11\/1-768x1024.jpg 768w, https:\/\/anselmopropiedades.com\/web\/wp-content\/uploads\/2025\/11\/1.jpg 867w\" sizes=\"(max-width: 225px) 100vw, 225px\" \/>\n             <\/div>\n        <\/div><div class=\"eael-entry-wrapper\"><header class=\"eael-entry-header\"><h2 class=\"eael-entry-title\"><a class=\"eael-grid-post-link\" href=\"https:\/\/anselmopropiedades.com\/web\/vendo-monoambiente-pleno-centro\/\" title=\"Vendo Monoambiente Pleno Centro\">Vendo Monoambiente Pleno Centro<\/a><\/h2><\/header><div class=\"eael-entry-content\">\n                        <div class=\"eael-grid-post-excerpt\"><a href=\"https:\/\/anselmopropiedades.com\/web\/vendo-monoambiente-pleno-centro\/\" class=\"eael-post-elements-readmore-btn\">Leer m\u00e1s<\/a><\/div>\n                    <\/div><\/div><\/div>\n        <\/div>\n    <\/article><article class=\"eael-grid-post  eael-post-grid-column eael-pg-post-7680 category-deptos-venta tags-1dormitorio-frente-al-mar-puerto-madryn-venta\" data-id=\"7680\">\n        <div class=\"eael-grid-post-holder\">\n            <div class=\"eael-grid-post-holder-inner\"><div class=\"eael-entry-media\"><div class=\"eael-entry-overlay fade-in\"><i class=\"\" aria-hidden=\"true\"><\/i><a href=\"https:\/\/anselmopropiedades.com\/web\/departamento-frente-al-mar\/\"><\/a><\/div><div class=\"eael-entry-thumbnail \">\n                 <img loading=\"lazy\" decoding=\"async\" width=\"300\" height=\"225\" src=\"https:\/\/anselmopropiedades.com\/web\/wp-content\/uploads\/2025\/07\/WhatsApp-Image-2025-07-18-at-12.43.45-1-300x225.jpeg\" class=\"attachment-medium size-medium wp-image-7681\" alt=\"\" srcset=\"https:\/\/anselmopropiedades.com\/web\/wp-content\/uploads\/2025\/07\/WhatsApp-Image-2025-07-18-at-12.43.45-1-300x225.jpeg 300w, https:\/\/anselmopropiedades.com\/web\/wp-content\/uploads\/2025\/07\/WhatsApp-Image-2025-07-18-at-12.43.45-1-1024x768.jpeg 1024w, https:\/\/anselmopropiedades.com\/web\/wp-content\/uploads\/2025\/07\/WhatsApp-Image-2025-07-18-at-12.43.45-1-768x576.jpeg 768w, https:\/\/anselmopropiedades.com\/web\/wp-content\/uploads\/2025\/07\/WhatsApp-Image-2025-07-18-at-12.43.45-1-1536x1153.jpeg 1536w, https:\/\/anselmopropiedades.com\/web\/wp-content\/uploads\/2025\/07\/WhatsApp-Image-2025-07-18-at-12.43.45-1.jpeg 1599w\" sizes=\"(max-width: 300px) 100vw, 300px\" \/>\n             <\/div>\n        <\/div><div class=\"eael-entry-wrapper\"><header class=\"eael-entry-header\"><h2 class=\"eael-entry-title\"><a class=\"eael-grid-post-link\" href=\"https:\/\/anselmopropiedades.com\/web\/departamento-frente-al-mar\/\" title=\"DEPARTAMENTO FRENTE AL MAR\">DEPARTAMENTO FRENTE AL MAR<\/a><\/h2><\/header><div class=\"eael-entry-content\">\n                        <div class=\"eael-grid-post-excerpt\"><a href=\"https:\/\/anselmopropiedades.com\/web\/departamento-frente-al-mar\/\" class=\"eael-post-elements-readmore-btn\">Leer m\u00e1s<\/a><\/div>\n                    <\/div><\/div><\/div>\n        <\/div>\n    <\/article><\/div>\n            <div class=\"clearfix\"><\/div>\n        <\/div>            <div class=\"eael-load-more-button-wrap\">\n                <button class=\"eael-load-more-button\" id=\"eael-load-more-btn-a59d857\" data-widget-id=\"a59d857\" data-widget=\"a59d857\" data-page-id=\"1836\" data-template=\"{&quot;dir&quot;:&quot;lite&quot;,&quot;file_name&quot;:&quot;three.php&quot;,&quot;name&quot;:&quot;Post-Grid&quot;}\" data-class=\"Essential_Addons_Elementor\\Elements\\Post_Grid\" data-layout=\"masonry\" data-page=\"1\" data-args=\"orderby=date&amp;order=desc&amp;ignore_sticky_posts=1&amp;post_status=publish&amp;posts_per_page=6&amp;offset=0&amp;post_type=post&amp;tax_query%5B0%5D%5Btaxonomy%5D=category&amp;tax_query%5B0%5D%5Bfield%5D=term_id&amp;tax_query%5B0%5D%5Bterms%5D%5B0%5D=14&amp;tax_query%5Brelation%5D=AND\" data-max-page=\"2\">\n                    <span class=\"eael-btn-loader button__loader\"><\/span>\n                    <span class=\"eael_load_more_text\">Ver m\u00e1s productos<\/span>\n                <\/button>\n            <\/div>\n            \t\t\t\t<\/div>\n\t\t\t\t<\/div>\n\t\t\t\t<div class=\"elementor-element elementor-element-80933f2 elementor-widget-divider--view-line elementor-widget elementor-widget-divider\" data-id=\"80933f2\" data-element_type=\"widget\" data-e-type=\"widget\" data-widget_type=\"divider.default\">\n\t\t\t\t<div class=\"elementor-widget-container\">\n\t\t\t\t\t\t\t<div class=\"elementor-divider\">\n\t\t\t<span class=\"elementor-divider-separator\">\n\t\t\t\t\t\t<\/span>\n\t\t<\/div>\n\t\t\t\t\t\t<\/div>\n\t\t\t\t<\/div>\n\t\t\t\t\t<\/div>\n\t\t<\/div>\n\t\t\t\t\t<\/div>\n\t\t<\/section>\n\t\t\t\t<\/div>\n\t\t","protected":false},"excerpt":{"rendered":"<p>Departamentos DPTO 1 Dormitorio- Av. Roca 650 Leer m\u00e1s Vendo departamento dos dormitorios 70 m2 Leer m\u00e1s Vendo Departamento Roque S. Pe\u00f1a Y 25 de Mayo- 2do. Piso Leer m\u00e1s Duplex 160m2 &#8211; En Pleno Centro Leer m\u00e1s Excelente dpto a una media cuadra del mar &#8211; 9 De Julio 80 Leer m\u00e1s \u00a0Departamento en\u00a0saenz [&hellip;]<\/p>\n","protected":false},"author":2,"featured_media":1762,"parent":5124,"menu_order":0,"comment_status":"closed","ping_status":"closed","template":"elementor_header_footer","meta":{"site-sidebar-layout":"default","site-content-layout":"","ast-site-content-layout":"default","site-content-style":"default","site-sidebar-style":"default","ast-global-header-display":"","ast-banner-title-visibility":"","ast-main-header-display":"","ast-hfb-above-header-display":"","ast-hfb-below-header-display":"","ast-hfb-mobile-header-display":"","site-post-title":"","ast-breadcrumbs-content":"","ast-featured-img":"","footer-sml-layout":"","ast-disable-related-posts":"","theme-transparent-header-meta":"","adv-header-id-meta":"","stick-header-meta":"","header-above-stick-meta":"","header-main-stick-meta":"","header-below-stick-meta":"","astra-migrate-meta-layouts":"default","ast-page-background-enabled":"default","ast-page-background-meta":{"desktop":{"background-color":"var(--ast-global-color-4)","background-image":"","background-repeat":"repeat","background-position":"center center","background-size":"auto","background-attachment":"scroll","background-type":"","background-media":"","overlay-type":"","overlay-color":"","overlay-opacity":"","overlay-gradient":""},"tablet":{"background-color":"","background-image":"","background-repeat":"repeat","background-position":"center center","background-size":"auto","background-attachment":"scroll","background-type":"","background-media":"","overlay-type":"","overlay-color":"","overlay-opacity":"","overlay-gradient":""},"mobile":{"background-color":"","background-image":"","background-repeat":"repeat","background-position":"center center","background-size":"auto","background-attachment":"scroll","background-type":"","background-media":"","overlay-type":"","overlay-color":"","overlay-opacity":"","overlay-gradient":""}},"ast-content-background-meta":{"desktop":{"background-color":"var(--ast-global-color-5)","background-image":"","background-repeat":"repeat","background-position":"center center","background-size":"auto","background-attachment":"scroll","background-type":"","background-media":"","overlay-type":"","overlay-color":"","overlay-opacity":"","overlay-gradient":""},"tablet":{"background-color":"var(--ast-global-color-5)","background-image":"","background-repeat":"repeat","background-position":"center center","background-size":"auto","background-attachment":"scroll","background-type":"","background-media":"","overlay-type":"","overlay-color":"","overlay-opacity":"","overlay-gradient":""},"mobile":{"background-color":"var(--ast-global-color-5)","background-image":"","background-repeat":"repeat","background-position":"center center","background-size":"auto","background-attachment":"scroll","background-type":"","background-media":"","overlay-type":"","overlay-color":"","overlay-opacity":"","overlay-gradient":""}},"pgc_sgb_lightbox_settings":"","footnotes":""},"class_list":["post-1836","page","type-page","status-publish","has-post-thumbnail","hentry"],"_links":{"self":[{"href":"https:\/\/anselmopropiedades.com\/web\/wp-json\/wp\/v2\/pages\/1836","targetHints":{"allow":["GET"]}}],"collection":[{"href":"https:\/\/anselmopropiedades.com\/web\/wp-json\/wp\/v2\/pages"}],"about":[{"href":"https:\/\/anselmopropiedades.com\/web\/wp-json\/wp\/v2\/types\/page"}],"author":[{"embeddable":true,"href":"https:\/\/anselmopropiedades.com\/web\/wp-json\/wp\/v2\/users\/2"}],"replies":[{"embeddable":true,"href":"https:\/\/anselmopropiedades.com\/web\/wp-json\/wp\/v2\/comments?post=1836"}],"version-history":[{"count":8,"href":"https:\/\/anselmopropiedades.com\/web\/wp-json\/wp\/v2\/pages\/1836\/revisions"}],"predecessor-version":[{"id":7756,"href":"https:\/\/anselmopropiedades.com\/web\/wp-json\/wp\/v2\/pages\/1836\/revisions\/7756"}],"up":[{"embeddable":true,"href":"https:\/\/anselmopropiedades.com\/web\/wp-json\/wp\/v2\/pages\/5124"}],"wp:featuredmedia":[{"embeddable":true,"href":"https:\/\/anselmopropiedades.com\/web\/wp-json\/wp\/v2\/media\/1762"}],"wp:attachment":[{"href":"https:\/\/anselmopropiedades.com\/web\/wp-json\/wp\/v2\/media?parent=1836"}],"curies":[{"name":"wp","href":"https:\/\/api.w.org\/{rel}","templated":true}]}}