{"id":1796,"date":"2016-02-22T18:33:26","date_gmt":"2016-02-22T18:33:26","guid":{"rendered":"https:\/\/anselmopropiedades.com\/ap\/?page_id=1796"},"modified":"2021-10-26T19:10:30","modified_gmt":"2021-10-26T19:10:30","slug":"fracciones","status":"publish","type":"page","link":"https:\/\/anselmopropiedades.com\/web\/ventas_post\/fracciones\/","title":{"rendered":"Fracciones"},"content":{"rendered":"\t\t<div data-elementor-type=\"wp-page\" data-elementor-id=\"1796\" class=\"elementor elementor-1796\">\n\t\t\t\t\t\t<section class=\"elementor-section elementor-top-section elementor-element elementor-element-226b7d7 elementor-section-boxed elementor-section-height-default elementor-section-height-default\" data-id=\"226b7d7\" data-element_type=\"section\" data-e-type=\"section\">\n\t\t\t\t\t\t<div class=\"elementor-container elementor-column-gap-default\">\n\t\t\t\t\t<div class=\"elementor-column elementor-col-100 elementor-top-column elementor-element elementor-element-7583df1\" data-id=\"7583df1\" data-element_type=\"column\" data-e-type=\"column\">\n\t\t\t<div class=\"elementor-widget-wrap elementor-element-populated\">\n\t\t\t\t\t\t<div class=\"elementor-element elementor-element-d357610 elementor-widget elementor-widget-heading\" data-id=\"d357610\" data-element_type=\"widget\" data-e-type=\"widget\" data-widget_type=\"heading.default\">\n\t\t\t\t<div class=\"elementor-widget-container\">\n\t\t\t\t\t<h2 class=\"elementor-heading-title elementor-size-default\">Fracciones<\/h2>\t\t\t\t<\/div>\n\t\t\t\t<\/div>\n\t\t\t\t<div class=\"elementor-element elementor-element-9167146 elementor-widget-divider--view-line elementor-widget elementor-widget-divider\" data-id=\"9167146\" data-element_type=\"widget\" data-e-type=\"widget\" data-widget_type=\"divider.default\">\n\t\t\t\t<div class=\"elementor-widget-container\">\n\t\t\t\t\t\t\t<div class=\"elementor-divider\">\n\t\t\t<span class=\"elementor-divider-separator\">\n\t\t\t\t\t\t<\/span>\n\t\t<\/div>\n\t\t\t\t\t\t<\/div>\n\t\t\t\t<\/div>\n\t\t\t\t<div class=\"elementor-element elementor-element-b5fc31e elementor-grid-eael-col-3 animated-slow elementor-grid-tablet-eael-col-2 elementor-grid-mobile-eael-col-1 elementor-invisible elementor-widget elementor-widget-eael-post-grid\" data-id=\"b5fc31e\" data-element_type=\"widget\" data-e-type=\"widget\" data-settings=\"{&quot;eael_post_grid_columns&quot;:&quot;eael-col-3&quot;,&quot;_animation&quot;:&quot;fadeIn&quot;,&quot;eael_post_grid_columns_tablet&quot;:&quot;eael-col-2&quot;,&quot;eael_post_grid_columns_mobile&quot;:&quot;eael-col-1&quot;}\" data-widget_type=\"eael-post-grid.default\">\n\t\t\t\t<div class=\"elementor-widget-container\">\n\t\t\t\t\t<div id=\"eael-post-grid-b5fc31e\" class=\"eael-post-grid-container\">\n            <div class=\"eael-post-grid eael-post-appender eael-post-appender-b5fc31e eael-post-grid-style-three\" data-layout-mode=\"masonry\"><article class=\"eael-grid-post  eael-post-grid-column eael-pg-post-7268 category-fracciones-venta tags-chubut-playa-puerto-madryn\" data-id=\"7268\">\n        <div class=\"eael-grid-post-holder\">\n            <div class=\"eael-grid-post-holder-inner\"><div class=\"eael-entry-media\"><div class=\"eael-entry-overlay fade-in\"><i class=\"\" aria-hidden=\"true\"><\/i><a href=\"https:\/\/anselmopropiedades.com\/web\/fraccion-182-hectareas\/\"><\/a><\/div><div class=\"eael-entry-thumbnail \">\n                 <img fetchpriority=\"high\" decoding=\"async\" width=\"236\" height=\"300\" src=\"https:\/\/anselmopropiedades.com\/web\/wp-content\/uploads\/2024\/08\/WhatsApp-Image-2024-08-08-at-22.15.40-236x300.jpeg\" class=\"attachment-medium size-medium wp-image-7269\" alt=\"\" srcset=\"https:\/\/anselmopropiedades.com\/web\/wp-content\/uploads\/2024\/08\/WhatsApp-Image-2024-08-08-at-22.15.40-236x300.jpeg 236w, https:\/\/anselmopropiedades.com\/web\/wp-content\/uploads\/2024\/08\/WhatsApp-Image-2024-08-08-at-22.15.40-804x1024.jpeg 804w, https:\/\/anselmopropiedades.com\/web\/wp-content\/uploads\/2024\/08\/WhatsApp-Image-2024-08-08-at-22.15.40-768x978.jpeg 768w, https:\/\/anselmopropiedades.com\/web\/wp-content\/uploads\/2024\/08\/WhatsApp-Image-2024-08-08-at-22.15.40.jpeg 813w\" sizes=\"(max-width: 236px) 100vw, 236px\" \/>\n             <\/div>\n        <\/div><div class=\"eael-entry-wrapper\"><header class=\"eael-entry-header\"><h2 class=\"eael-entry-title\"><a class=\"eael-grid-post-link\" href=\"https:\/\/anselmopropiedades.com\/web\/fraccion-182-hectareas\/\" title=\"FRACCION 182 Hect\u00e1reas\">FRACCION 182 Hect\u00e1reas<\/a><\/h2><\/header><div class=\"eael-entry-content\">\n                        <div class=\"eael-grid-post-excerpt\"><a href=\"https:\/\/anselmopropiedades.com\/web\/fraccion-182-hectareas\/\" class=\"eael-post-elements-readmore-btn\">Leer m\u00e1s<\/a><\/div>\n                    <\/div><\/div><\/div>\n        <\/div>\n    <\/article><article class=\"eael-grid-post  eael-post-grid-column eael-pg-post-7055 category-fracciones-loteos-venta tags-chubut-puerto-madryn\" data-id=\"7055\">\n        <div class=\"eael-grid-post-holder\">\n            <div class=\"eael-grid-post-holder-inner\"><div class=\"eael-entry-media\"><div class=\"eael-entry-overlay fade-in\"><i class=\"\" aria-hidden=\"true\"><\/i><a href=\"https:\/\/anselmopropiedades.com\/web\/vendo-hermosa-fraccion-en-el-doradillo-etapa-i\/\"><\/a><\/div><div class=\"eael-entry-thumbnail \">\n                 <img decoding=\"async\" width=\"300\" height=\"225\" src=\"https:\/\/anselmopropiedades.com\/web\/wp-content\/uploads\/2023\/09\/WhatsApp-Image-2023-05-17-at-18.20.21-300x225.jpeg\" class=\"attachment-medium size-medium wp-image-7070\" alt=\"\" srcset=\"https:\/\/anselmopropiedades.com\/web\/wp-content\/uploads\/2023\/09\/WhatsApp-Image-2023-05-17-at-18.20.21-300x225.jpeg 300w, https:\/\/anselmopropiedades.com\/web\/wp-content\/uploads\/2023\/09\/WhatsApp-Image-2023-05-17-at-18.20.21-1024x768.jpeg 1024w, https:\/\/anselmopropiedades.com\/web\/wp-content\/uploads\/2023\/09\/WhatsApp-Image-2023-05-17-at-18.20.21-768x576.jpeg 768w, https:\/\/anselmopropiedades.com\/web\/wp-content\/uploads\/2023\/09\/WhatsApp-Image-2023-05-17-at-18.20.21.jpeg 1280w\" sizes=\"(max-width: 300px) 100vw, 300px\" \/>\n             <\/div>\n        <\/div><div class=\"eael-entry-wrapper\"><header class=\"eael-entry-header\"><h2 class=\"eael-entry-title\"><a class=\"eael-grid-post-link\" href=\"https:\/\/anselmopropiedades.com\/web\/vendo-hermosa-fraccion-en-el-doradillo-etapa-i\/\" title=\"Vendo hermosa fracci\u00f3n en El Doradillo &#8211; Etapa I\">Vendo hermosa fracci\u00f3n en El Doradillo &#8211; Etapa I<\/a><\/h2><\/header><div class=\"eael-entry-content\">\n                        <div class=\"eael-grid-post-excerpt\"><a href=\"https:\/\/anselmopropiedades.com\/web\/vendo-hermosa-fraccion-en-el-doradillo-etapa-i\/\" class=\"eael-post-elements-readmore-btn\">Leer m\u00e1s<\/a><\/div>\n                    <\/div><\/div><\/div>\n        <\/div>\n    <\/article><article class=\"eael-grid-post  eael-post-grid-column eael-pg-post-6953 category-campos-fracciones-loteos-venta tags-chubut-los-altares-venta\" data-id=\"6953\">\n        <div class=\"eael-grid-post-holder\">\n            <div class=\"eael-grid-post-holder-inner\"><div class=\"eael-entry-media\"><div class=\"eael-entry-overlay fade-in\"><i class=\"\" aria-hidden=\"true\"><\/i><a href=\"https:\/\/anselmopropiedades.com\/web\/vendo-fraccion-en-los-altares\/\"><\/a><\/div><div class=\"eael-entry-thumbnail \">\n                 <img decoding=\"async\" width=\"300\" height=\"300\" src=\"https:\/\/anselmopropiedades.com\/web\/wp-content\/uploads\/2023\/09\/WhatsApp-Image-2023-09-06-at-18.07.41-3-300x300.jpeg\" class=\"attachment-medium size-medium wp-image-8198\" alt=\"\" srcset=\"https:\/\/anselmopropiedades.com\/web\/wp-content\/uploads\/2023\/09\/WhatsApp-Image-2023-09-06-at-18.07.41-3-300x300.jpeg 300w, https:\/\/anselmopropiedades.com\/web\/wp-content\/uploads\/2023\/09\/WhatsApp-Image-2023-09-06-at-18.07.41-3-150x150.jpeg 150w, https:\/\/anselmopropiedades.com\/web\/wp-content\/uploads\/2023\/09\/WhatsApp-Image-2023-09-06-at-18.07.41-3.jpeg 719w\" sizes=\"(max-width: 300px) 100vw, 300px\" \/>\n             <\/div>\n        <\/div><div class=\"eael-entry-wrapper\"><header class=\"eael-entry-header\"><h2 class=\"eael-entry-title\"><a class=\"eael-grid-post-link\" href=\"https:\/\/anselmopropiedades.com\/web\/vendo-fraccion-en-los-altares\/\" title=\"VENDO BODEGA Y CAMPO EN LOS ALTARES\">VENDO BODEGA Y CAMPO EN LOS ALTARES<\/a><\/h2><\/header><div class=\"eael-entry-content\">\n                        <div class=\"eael-grid-post-excerpt\"><a href=\"https:\/\/anselmopropiedades.com\/web\/vendo-fraccion-en-los-altares\/\" class=\"eael-post-elements-readmore-btn\">Leer m\u00e1s<\/a><\/div>\n                    <\/div><\/div><\/div>\n        <\/div>\n    <\/article><article class=\"eael-grid-post  eael-post-grid-column eael-pg-post-6016 category-fracciones-venta tags-rawson-venta\" data-id=\"6016\">\n        <div class=\"eael-grid-post-holder\">\n            <div class=\"eael-grid-post-holder-inner\"><div class=\"eael-entry-media\"><div class=\"eael-entry-overlay fade-in\"><i class=\"\" aria-hidden=\"true\"><\/i><a href=\"https:\/\/anselmopropiedades.com\/web\/vendo-tres-lotes-frente-al-puerto-de-rawson\/\"><\/a><\/div><div class=\"eael-entry-thumbnail \">\n                 <img loading=\"lazy\" decoding=\"async\" width=\"300\" height=\"225\" src=\"https:\/\/anselmopropiedades.com\/web\/wp-content\/uploads\/2022\/02\/WhatsApp-Image-2022-02-21-at-18.04.37-300x225.jpeg\" class=\"attachment-medium size-medium wp-image-6018\" alt=\"\" srcset=\"https:\/\/anselmopropiedades.com\/web\/wp-content\/uploads\/2022\/02\/WhatsApp-Image-2022-02-21-at-18.04.37-300x225.jpeg 300w, https:\/\/anselmopropiedades.com\/web\/wp-content\/uploads\/2022\/02\/WhatsApp-Image-2022-02-21-at-18.04.37-1024x768.jpeg 1024w, https:\/\/anselmopropiedades.com\/web\/wp-content\/uploads\/2022\/02\/WhatsApp-Image-2022-02-21-at-18.04.37-768x576.jpeg 768w, https:\/\/anselmopropiedades.com\/web\/wp-content\/uploads\/2022\/02\/WhatsApp-Image-2022-02-21-at-18.04.37.jpeg 1280w\" sizes=\"(max-width: 300px) 100vw, 300px\" \/>\n             <\/div>\n        <\/div><div class=\"eael-entry-wrapper\"><header class=\"eael-entry-header\"><h2 class=\"eael-entry-title\"><a class=\"eael-grid-post-link\" href=\"https:\/\/anselmopropiedades.com\/web\/vendo-tres-lotes-frente-al-puerto-de-rawson\/\" title=\"VENDO TRES LOTES FRENTE AL PUERTO DE RAWSON\">VENDO TRES LOTES FRENTE AL PUERTO DE RAWSON<\/a><\/h2><\/header><div class=\"eael-entry-content\">\n                        <div class=\"eael-grid-post-excerpt\"><a href=\"https:\/\/anselmopropiedades.com\/web\/vendo-tres-lotes-frente-al-puerto-de-rawson\/\" class=\"eael-post-elements-readmore-btn\">Leer m\u00e1s<\/a><\/div>\n                    <\/div><\/div><\/div>\n        <\/div>\n    <\/article><article class=\"eael-grid-post  eael-post-grid-column eael-pg-post-4093 category-fracciones-venta\" data-id=\"4093\">\n        <div class=\"eael-grid-post-holder\">\n            <div class=\"eael-grid-post-holder-inner\"><div class=\"eael-entry-media\"><div class=\"eael-entry-overlay fade-in\"><i class=\"\" aria-hidden=\"true\"><\/i><a href=\"https:\/\/anselmopropiedades.com\/web\/excelente-chacra-en-dolavon-sobre-costa-del-rio-chubut-2\/\"><\/a><\/div><div class=\"eael-entry-thumbnail \">\n                 <img loading=\"lazy\" decoding=\"async\" width=\"300\" height=\"225\" src=\"https:\/\/anselmopropiedades.com\/web\/wp-content\/uploads\/2019\/03\/0-PRINCIPAL-300x225.jpg\" class=\"attachment-medium size-medium wp-image-4095\" alt=\"\" srcset=\"https:\/\/anselmopropiedades.com\/web\/wp-content\/uploads\/2019\/03\/0-PRINCIPAL-300x225.jpg 300w, https:\/\/anselmopropiedades.com\/web\/wp-content\/uploads\/2019\/03\/0-PRINCIPAL-768x576.jpg 768w, https:\/\/anselmopropiedades.com\/web\/wp-content\/uploads\/2019\/03\/0-PRINCIPAL-400x300.jpg 400w, https:\/\/anselmopropiedades.com\/web\/wp-content\/uploads\/2019\/03\/0-PRINCIPAL.jpg 1024w\" sizes=\"(max-width: 300px) 100vw, 300px\" \/>\n             <\/div>\n        <\/div><div class=\"eael-entry-wrapper\"><header class=\"eael-entry-header\"><h2 class=\"eael-entry-title\"><a class=\"eael-grid-post-link\" href=\"https:\/\/anselmopropiedades.com\/web\/excelente-chacra-en-dolavon-sobre-costa-del-rio-chubut-2\/\" title=\"Excelente chacra en Dolavon &#8211; Sobre costa del R\u00edo Chubut\">Excelente chacra en Dolavon &#8211; Sobre costa del R\u00edo Chubut<\/a><\/h2><\/header><div class=\"eael-entry-content\">\n                        <div class=\"eael-grid-post-excerpt\"><a href=\"https:\/\/anselmopropiedades.com\/web\/excelente-chacra-en-dolavon-sobre-costa-del-rio-chubut-2\/\" class=\"eael-post-elements-readmore-btn\">Leer m\u00e1s<\/a><\/div>\n                    <\/div><\/div><\/div>\n        <\/div>\n    <\/article><article class=\"eael-grid-post  eael-post-grid-column eael-pg-post-3659 category-fracciones-venta\" data-id=\"3659\">\n        <div class=\"eael-grid-post-holder\">\n            <div class=\"eael-grid-post-holder-inner\"><div class=\"eael-entry-media\"><div class=\"eael-entry-overlay fade-in\"><i class=\"\" aria-hidden=\"true\"><\/i><a href=\"https:\/\/anselmopropiedades.com\/web\/excepcional-fraccion-de-100-has-en-balneario-el-condor\/\"><\/a><\/div><div class=\"eael-entry-thumbnail \">\n                 <img loading=\"lazy\" decoding=\"async\" width=\"300\" height=\"198\" src=\"https:\/\/anselmopropiedades.com\/web\/wp-content\/uploads\/2018\/09\/PRINCIPAL-300x198.jpg\" class=\"attachment-medium size-medium wp-image-3660\" alt=\"\" srcset=\"https:\/\/anselmopropiedades.com\/web\/wp-content\/uploads\/2018\/09\/PRINCIPAL-300x198.jpg 300w, https:\/\/anselmopropiedades.com\/web\/wp-content\/uploads\/2018\/09\/PRINCIPAL-768x506.jpg 768w, https:\/\/anselmopropiedades.com\/web\/wp-content\/uploads\/2018\/09\/PRINCIPAL-455x300.jpg 455w, https:\/\/anselmopropiedades.com\/web\/wp-content\/uploads\/2018\/09\/PRINCIPAL.jpg 1016w\" sizes=\"(max-width: 300px) 100vw, 300px\" \/>\n             <\/div>\n        <\/div><div class=\"eael-entry-wrapper\"><header class=\"eael-entry-header\"><h2 class=\"eael-entry-title\"><a class=\"eael-grid-post-link\" href=\"https:\/\/anselmopropiedades.com\/web\/excepcional-fraccion-de-100-has-en-balneario-el-condor\/\" title=\"Excepcional fracci\u00f3n de 100 has en balneario el C\u00f3ndor\">Excepcional fracci\u00f3n de 100 has en balneario el C\u00f3ndor<\/a><\/h2><\/header><div class=\"eael-entry-content\">\n                        <div class=\"eael-grid-post-excerpt\"><a href=\"https:\/\/anselmopropiedades.com\/web\/excepcional-fraccion-de-100-has-en-balneario-el-condor\/\" class=\"eael-post-elements-readmore-btn\">Leer m\u00e1s<\/a><\/div>\n                    <\/div><\/div><\/div>\n        <\/div>\n    <\/article><\/div>\n            <div class=\"clearfix\"><\/div>\n        <\/div>            <div class=\"eael-load-more-button-wrap\">\n                <button class=\"eael-load-more-button\" id=\"eael-load-more-btn-b5fc31e\" data-widget-id=\"b5fc31e\" data-widget=\"b5fc31e\" data-page-id=\"1796\" data-template=\"{&quot;dir&quot;:&quot;lite&quot;,&quot;file_name&quot;:&quot;three.php&quot;,&quot;name&quot;:&quot;Post-Grid&quot;}\" data-class=\"Essential_Addons_Elementor\\Elements\\Post_Grid\" data-layout=\"masonry\" data-page=\"1\" data-args=\"orderby=date&amp;order=desc&amp;ignore_sticky_posts=1&amp;post_status=publish&amp;posts_per_page=6&amp;offset=0&amp;post_type=post&amp;tax_query%5B0%5D%5Btaxonomy%5D=category&amp;tax_query%5B0%5D%5Bfield%5D=term_id&amp;tax_query%5B0%5D%5Bterms%5D%5B0%5D=18&amp;tax_query%5Brelation%5D=AND\" data-max-page=\"2\">\n                    <span class=\"eael-btn-loader button__loader\"><\/span>\n                    <span class=\"eael_load_more_text\">Ver m\u00e1s productos<\/span>\n                <\/button>\n            <\/div>\n            \t\t\t\t<\/div>\n\t\t\t\t<\/div>\n\t\t\t\t<div class=\"elementor-element elementor-element-80afd54 elementor-widget-divider--view-line elementor-widget elementor-widget-divider\" data-id=\"80afd54\" data-element_type=\"widget\" data-e-type=\"widget\" data-widget_type=\"divider.default\">\n\t\t\t\t<div class=\"elementor-widget-container\">\n\t\t\t\t\t\t\t<div class=\"elementor-divider\">\n\t\t\t<span class=\"elementor-divider-separator\">\n\t\t\t\t\t\t<\/span>\n\t\t<\/div>\n\t\t\t\t\t\t<\/div>\n\t\t\t\t<\/div>\n\t\t\t\t\t<\/div>\n\t\t<\/div>\n\t\t\t\t\t<\/div>\n\t\t<\/section>\n\t\t\t\t<\/div>\n\t\t","protected":false},"excerpt":{"rendered":"<p>Fracciones Excelente chacra en Dolavon &#8211; Sobre costa del R\u00edo Chubut Leer m\u00e1s Excepcional fracci\u00f3n de 100 has en balneario el C\u00f3ndor Leer m\u00e1s Vendo Chacra de 13.800 m en Parque Ecologico El Doradillo &#8211; ETAPA III Leer m\u00e1s Vendo Chacra de 1 ha. y media en El Doradillo, L 616 &#8211; ETAPA II &#8211; [&hellip;]<\/p>\n","protected":false},"author":2,"featured_media":1763,"parent":5124,"menu_order":0,"comment_status":"closed","ping_status":"closed","template":"elementor_header_footer","meta":{"site-sidebar-layout":"default","site-content-layout":"","ast-site-content-layout":"default","site-content-style":"default","site-sidebar-style":"default","ast-global-header-display":"","ast-banner-title-visibility":"","ast-main-header-display":"","ast-hfb-above-header-display":"","ast-hfb-below-header-display":"","ast-hfb-mobile-header-display":"","site-post-title":"","ast-breadcrumbs-content":"","ast-featured-img":"","footer-sml-layout":"","ast-disable-related-posts":"","theme-transparent-header-meta":"","adv-header-id-meta":"","stick-header-meta":"","header-above-stick-meta":"","header-main-stick-meta":"","header-below-stick-meta":"","astra-migrate-meta-layouts":"default","ast-page-background-enabled":"default","ast-page-background-meta":{"desktop":{"background-color":"var(--ast-global-color-4)","background-image":"","background-repeat":"repeat","background-position":"center center","background-size":"auto","background-attachment":"scroll","background-type":"","background-media":"","overlay-type":"","overlay-color":"","overlay-opacity":"","overlay-gradient":""},"tablet":{"background-color":"","background-image":"","background-repeat":"repeat","background-position":"center center","background-size":"auto","background-attachment":"scroll","background-type":"","background-media":"","overlay-type":"","overlay-color":"","overlay-opacity":"","overlay-gradient":""},"mobile":{"background-color":"","background-image":"","background-repeat":"repeat","background-position":"center center","background-size":"auto","background-attachment":"scroll","background-type":"","background-media":"","overlay-type":"","overlay-color":"","overlay-opacity":"","overlay-gradient":""}},"ast-content-background-meta":{"desktop":{"background-color":"var(--ast-global-color-5)","background-image":"","background-repeat":"repeat","background-position":"center center","background-size":"auto","background-attachment":"scroll","background-type":"","background-media":"","overlay-type":"","overlay-color":"","overlay-opacity":"","overlay-gradient":""},"tablet":{"background-color":"var(--ast-global-color-5)","background-image":"","background-repeat":"repeat","background-position":"center center","background-size":"auto","background-attachment":"scroll","background-type":"","background-media":"","overlay-type":"","overlay-color":"","overlay-opacity":"","overlay-gradient":""},"mobile":{"background-color":"var(--ast-global-color-5)","background-image":"","background-repeat":"repeat","background-position":"center center","background-size":"auto","background-attachment":"scroll","background-type":"","background-media":"","overlay-type":"","overlay-color":"","overlay-opacity":"","overlay-gradient":""}},"pgc_sgb_lightbox_settings":"","footnotes":""},"class_list":["post-1796","page","type-page","status-publish","has-post-thumbnail","hentry"],"_links":{"self":[{"href":"https:\/\/anselmopropiedades.com\/web\/wp-json\/wp\/v2\/pages\/1796","targetHints":{"allow":["GET"]}}],"collection":[{"href":"https:\/\/anselmopropiedades.com\/web\/wp-json\/wp\/v2\/pages"}],"about":[{"href":"https:\/\/anselmopropiedades.com\/web\/wp-json\/wp\/v2\/types\/page"}],"author":[{"embeddable":true,"href":"https:\/\/anselmopropiedades.com\/web\/wp-json\/wp\/v2\/users\/2"}],"replies":[{"embeddable":true,"href":"https:\/\/anselmopropiedades.com\/web\/wp-json\/wp\/v2\/comments?post=1796"}],"version-history":[{"count":11,"href":"https:\/\/anselmopropiedades.com\/web\/wp-json\/wp\/v2\/pages\/1796\/revisions"}],"predecessor-version":[{"id":5438,"href":"https:\/\/anselmopropiedades.com\/web\/wp-json\/wp\/v2\/pages\/1796\/revisions\/5438"}],"up":[{"embeddable":true,"href":"https:\/\/anselmopropiedades.com\/web\/wp-json\/wp\/v2\/pages\/5124"}],"wp:featuredmedia":[{"embeddable":true,"href":"https:\/\/anselmopropiedades.com\/web\/wp-json\/wp\/v2\/media\/1763"}],"wp:attachment":[{"href":"https:\/\/anselmopropiedades.com\/web\/wp-json\/wp\/v2\/media?parent=1796"}],"curies":[{"name":"wp","href":"https:\/\/api.w.org\/{rel}","templated":true}]}}